{"id":638,"date":"2014-06-26T10:55:44","date_gmt":"2014-06-26T10:55:44","guid":{"rendered":"http:\/\/jaumetrave.com\/web\/?page_id=638"},"modified":"2014-06-26T11:04:06","modified_gmt":"2014-06-26T11:04:06","slug":"avis-legal","status":"publish","type":"page","link":"https:\/\/jaumetrave.com\/web\/avis-legal\/","title":{"rendered":"Avis legal"},"content":{"rendered":"<div style=\"color: #353a44;\"><span style=\"color: #000000;\"><strong>Av\u00eds Legal i Dades de l\u2019Empresa<\/strong><\/span><\/div>\n<div style=\"color: #353a44;\"><\/div>\n<div style=\"color: #353a44;\">D\u2019acord amb l\u2019establert a la Llei 34\/2002, d\u201911 de Juliol, de serveis de la societat de l\u2019informaci\u00f3 i de comer\u00e7 electr\u00f2nic, a continuaci\u00f3 s\u2019indiquen les dades generals d\u2019aquesta p\u00e0gina web:- Titular: FINQUES JAUME TRAVE, S.L.<\/div>\n<div style=\"color: #353a44;\">&#8211; Adre\u00e7a: C\/ Banys n\u00ba 132 local A\u00a0La Garriga, (Barcelona), Catalunya, Spain.<br \/>\n&#8211; Contacte:\u00a0<span \n                data-original-string='PQynqU3etK2M\/qVK2UPMiA==a18cvlYYipvllOpHaWTXfqQEQkBryf7B4jQhCHO+ypZ6oo='\n                class='apbct-email-encoder'\n                title='Este contacto ha sido codificado por Anti-Spam by CleanTalk. Haz clic para decodificar. Para finalizar la decodificaci\u00f3n, aseg\u00farate de que JavaScript est\u00e1 activado en tu navegador.'>in<span class=\"apbct-blur\">**<\/span>@<span class=\"apbct-blur\">********<\/span>ve.com<\/span><br \/>\n&#8211; Tel\u00e8fon i Fax: 93 871 47 54<br \/>\n&#8211; M\u00f2bil: 670 83 17 13<\/div>\n<div style=\"color: #353a44;\"><\/div>\n<div style=\"color: #353a44;\"><span style=\"color: #000000;\"><strong>Presentaci\u00f3<\/strong><\/span><\/div>\n<div style=\"color: #353a44;\"><\/div>\n<div style=\"color: #353a44;\">FINQUES JAUME TRAVE, S.L., en endavant tamb\u00e9 nomenada \u201cl\u2019empresa\u201d, i la web de FINQUES JAUME TRAVE, S.L., en endavant tamb\u00e9 nomenat el \u201csite\u201d o el \u201cPortal\u201d, t\u00e9 com a finalitat facilitar el coneixement de l\u2019empresa, l\u2019 activitat i els serveis que realitza al p\u00fablic en general. FINQUES JAUME TRAVE, S.L.\u00a0es reserva el dret de realitzar, en qualsevol moment i sense av\u00eds previ, modificacions de l\u2019informaci\u00f3 que cont\u00e9 a la seva web. Aquestes condicions generals, regulen l\u2019\u00fas de tots els serveis d\u2019aquesta p\u00e0gina web que FINQUES JAUME TRAVE, S.L. posa a disposici\u00f3 dels usuaris d\u2019Internet. L\u2019usuari expressa la total acceptaci\u00f3 i sense reserves de les mateixes, les quals podran ser modificades per l\u2019empresa en qualsevol moment. Els usuaris es veuen aix\u00ed mateix, sotmesos a totes aquelles condicions particulars, avisos o reglaments d\u2019instruccions que es posin en el seu coneixement en relaci\u00f3 amb continguts o serveis concrets, que completin el previst en aquestes Condicions Generals quan no s\u2019oposin a elles.El servei que dona aquest site t\u00e9 per objectiu donar informaci\u00f3 actualitzada aportada per Usuaris o clients. Per aix\u00f3 aquesta informaci\u00f3 pot variar amb certa freq\u00fc\u00e8ncia, pel que s\u2019aconsella la visita constantment al Site abans d\u2019efectuar qualsevol operaci\u00f3 relacionada a un futur negoci amb un immoble.Aix\u00ed mateix, encara que el Site intenti evaluar la credibilitat hipot\u00e8tica de les dades que proporcionen els Usuaris o Clients no garanteix la fiabilitat absoluta d\u2019aquestes dades, ja que les mateixes poden estar subjectes a qualsevol tipus d\u2019error u omisi\u00f3.<\/div>\n<div style=\"color: #353a44;\"><\/div>\n<div style=\"color: #353a44;\"><span style=\"color: #000000;\"><strong>Propietat Intelectual de la Web<\/strong><\/span>Copyright \u00a9 2014, FINQUES JAUME TRAVE, S.L.. Tots els drets d\u2019explotaci\u00f3 est\u00e0n reservats. Els drets de propietat intelectual sobre la web, disseny gr\u00e0fic i codi, s\u00f3n titularitat de FINQUES JAUME TRAVE, S.L.. Correspon a aquesta empresa l\u2019exercici exclusiu dels drets d\u2019explotaci\u00f3 dels mateixos en qualsevol forma, i en especial, els drets de reproducci\u00f3, distribuci\u00f3, comunicaci\u00f3 p\u00fablica i transformaci\u00f3. FINQUES JAUME TRAVE, S.L.\u00a0no es responsabilitza de les conseq\u00fc\u00e8ncies, danys o perjudicis que derivessin de l\u2019acc\u00e9s a la seva web, de l\u2019\u00fas que es fagi de l\u2019informaci\u00f3 que cont\u00e9 o de l\u2019acc\u00e9s a altres mat\u00e8ries a Internet a trav\u00e9s dels enlla\u00e7os.<\/p>\n<p><span style=\"color: #000000;\"><strong>Propietat Intelectual i Industrial<\/strong><\/span><\/p>\n<p>Tots els continguts aix\u00ed com noms, logotips, marques i bases de dades accessibles en les p\u00e0gines web del Portal estan subjectes a drets de propietat Industrial de l\u2019empresa o de tercers titulars dels mateixos. En cap cas l\u2019acc\u00e9s a les p\u00e0gines web del Portal implica cap tipus de ren\u00fancia, transmissi\u00f3 o cessi\u00f3 total o parcial dels esmentats drets, ni confereix cap dret d\u2019utilitzaci\u00f3, alteraci\u00f3, explotaci\u00f3, reproducci\u00f3, distribuci\u00f3 o comunicaci\u00f3 p\u00fablica sobre els continguts o b\u00e9ns de la propietat industrial sense la pr\u00e8via i expressa autoritzaci\u00f3 espec\u00edficament atorgada a tal efecte per part de l\u2019empresa o del tercer titular dels drets, excepte dels drets de visualitzar i de realitzar c\u00f2pies per l\u2019\u00fas personal i exclussiu de l\u2019usuari, els quals s\u2019hauran d\u2019exercir sempre amb conformitat als principis de la bona fe i la legislaci\u00f3 aplicable.<\/p>\n<p><span style=\"color: #000000;\"><strong>Exclusi\u00f3 de Responsabilitat pel Funcionament del Portal i els seus Serveis<\/strong><\/span><\/p>\n<p>L\u2019empresa no garanteix la disponibilitat i continuitat del funcionament del Portal, dels seus serveis i els seus continguts; si fora raonablement possible, l\u2019empresa avisar\u00e0 pr\u00e8viament de les interrupcions en el funcionament dels mateixos. L\u2019 empresa no \u00e9s responsable pels danys o perjudicis de qualsevol naturalesa que es puguin derivar a la falta de disponibilitat o de continuitat del Portal o de qualsevol dels seus serveis, o pel mal funcionament a l\u2019acc\u00e8s a les diferents p\u00e0gines web del Portal o aquelles de les quals es presten determinats serveis.<\/p>\n<p><span style=\"color: #000000;\"><strong>Exclusi\u00f3 de Responsabilitat sobre l\u2019Informaci\u00f3 Gr\u00e0fica, de Dades i de Text disponible al Portal<\/strong><\/span><\/p>\n<p>Tot el text, dades i la documentaci\u00f3 gr\u00e0fica inclosa en aquesta p\u00e0gina web referent a les diferents promocions o els immobles \u00e9s merament orientativa i est\u00e0 sotmesa a possibles canvis exigits per l\u2019evoluci\u00f3 t\u00e8cnica dels projectes i la seva execuci\u00f3, per canvis legals i\/o comercials. Aquesta informaci\u00f3 s\u00b4enten a efectes comercials i en cap cas constitueix document contractual.<\/p>\n<p><span style=\"color: #000000;\"><strong>Exclusi\u00f3 de Responsabilitat dels Continguts<\/strong><\/span><\/p>\n<p>L\u2019empresa no \u00e9s en cap cas responsable, ni de forma directa ni subsidiaria, per cap contingut, informaci\u00f3, comunicaci\u00f3, opini\u00f3 o manifestaci\u00f3 de qualsevol tipus que tingui el seu origen en l\u2019usuari o qualsevol persona o entitat i que es comuniqui, difongui, transmeteixi o exhibeixi a trav\u00e9s dels serveis del Portal.<\/p>\n<p>El Portal posa a disposici\u00f3 dels usuaris dispositius t\u00e8cnics d\u2019enlla\u00e7os, ja siguin links, directoris o einas de recerca, els quals permeteixen l\u2019acc\u00e9s a p\u00e0gines web o sites gestionats per tercers. L\u2019empresa no exerceix cap titularitat sobre els mateixos, i no comercialitza ni ofereix els continguts i serveis que contenen, per tant no assumeix cap responsabilitat ni directa ni subsidiaria sobre aquestes p\u00e0gines web o sites. L\u2019usuari reconeix que utilitza el Servei sota la seva propia responsabilitat i admeteix que el Servei i qualsevol element al mateix, incloent de manera no exhaustiva el contingut, els Serveis, els bens o els anuncis publicitaris s\u00f3n proporcionats \u201ctal i com estan\u201d i que el Site no garanteix expressa o impl\u00edcitament els elements incloent, entre altres, l\u2019incompliment, el t\u00edtol o l\u2019adequaci\u00f3 a un objecte o \u00fas particular. El Site no garanteix que el Servei sigui compatible mb un equip f\u00edsic o l\u00f3gic concret, ni tampoc que el Servei no tingui errors, virus, \u201ccucs\u201d o \u201ccavalls de troia\u201d i no es fa responsable de danys causats per aquests elements destructius o d\u2019altres similars. En conseq\u00fc\u00e8ncia, l\u2019Usuari accepta que el Site, els seus prove\u00efdors i agents no son responsables de danys encara que la connexi\u00f3 amb el Servei, no sent el Site responsable en particular encara a t\u00edtol enunciatiu de cap p\u00e8rdua de beneficis, p\u00e8rdua general, danys indirectes o colaterals, ni a conseq\u00fc\u00e8ncia de l\u2019interposici\u00f3 de demandes en contra del Site per tercers; ni d\u2019errors, discrep\u00e0ncies, omissions, retards o d\u2019altres errors en el Servei ocasionats per l\u2019ordinador de l\u2019Usuari o per l\u2019\u00fas del Servei a l\u2019equip. En cas de Servei amb despeses per l\u2019Usuari, el Site \u00fanicament atendr\u00e0 reclamacions basades en disponibilitat, i exclussivament oferint espai futur sense despeses per l\u2019Usuari fins l\u2019import inicialment pagat.<\/p>\n<p>En particular, el contingut d\u2019altres espais web, bens o anuncis publicitaris que pugui estar associats al Servei no s\u2019administra o controla pel Site, i el Site tampoc \u00e9s responsable de la disponibilitat, contingut o exactitut d\u2019altres espais web, serveis o bens que puguin estar associats o anunciats al Servei. Aix\u00ed mateix, el Site no garantitza, en forma expl\u00edcita o impl\u00edcita, l\u2019\u00fas dels enlla\u00e7os proporcionats en o cap al Servei, no garantitza l\u2019exactitut, la totalitat, l\u2019utilitat o l\u2019adecuaci\u00f3 de qualsevol altre espai web, serveis, bens o anuncis publicitaris que puguin estar associats al Servei, ni promou de manera impl\u00edcita o expl\u00edcita altres espais webs, serveis, bens o anuncis publicitaris que pogu\u00e8ssin estar vinculats al servei.<\/p>\n<p>El Site tampoc \u00e9s responsable de l\u2019exactitut o disponibilitat cont\u00ednua de les l\u00ednees telef\u00f2niques i equip que l\u2019Usuari faci servir per tenir acc\u00e8s al Servei, i l\u2019Usuari reconeix que el Site pugui cancel-lar l\u2019acc\u00e8s al contingut (d\u2019aquestes altres espais web, serveis, bens o anuncis) en qualsevol moment, sense assumir responsabilitats.<\/p>\n<p>El Site, els seus directius i personal, socis col-lectius, filials, subsidi\u00e0ries,successors i cessionaris, aix\u00ed com els seus agents no seran responsables, directa o indirectament, de cap manera davant l\u2019Usuari o qualsevol altre persona per : errors i omissions del Servei ; retards, errors o interrupcions a la transmissi\u00f3 o entrega del Servei; o p\u00e8rdues o danys ocasionats o per qualsevol altre ra\u00f3 d\u2019incompliment. A conseq\u00fc\u00e8ncia, cap ra\u00f3 tindr\u00e0 el Site responsabilitat civil a l\u2019Usuari per danys directes, encara que un representant autoritzat hagi tingut coneixement espec\u00edficament de la posibilitat de producci\u00f3 d\u2019aquests danys, ocassionats per l\u2019\u00fas o l\u2019imposibilitatd\u2019utilitzar el Servei o qualsevol enlla\u00e7 o element en el Servei, aix\u00ed com la p\u00e8rdua d\u2019ingressos, guanys anticipats o la p\u00e8rdua de clientela.<\/p>\n<p>Per \u00f9ltim, el Site exclueix qualsevol responsabilitat pels danys i perjudicis de tota naturalessa que pogu\u00e8ssin deure a la transmissi\u00f3, difussi\u00f3, emmagatzament, posada a disposici\u00f3, recepci\u00f3, obtenci\u00f3 o acc\u00e8s als Serveis, i en particular, encara que no de tipus exclussiu, pels danys i perjudicis que es puguin derivar a l\u2019incompliment de la llei, la moral i les bones costums generalment acceptada o l\u2019ordre p\u00fablic com a conseq\u00fc\u00e8ncia de l\u2019obtenci\u00f3, utilitzaci\u00f3 o acc\u00e8s als Serveis; l\u2019infracci\u00f3 dels drets de propietat intel-lectual e industrial, dels secrets industrials, de compromissos contractuals de qualsevol tipus, dels drets a l\u2019honor, a l\u2019intimitat personal i familiar i a l\u2019imatge de les persones, dels drets de propietat i de tota naturalessa que pertanyen a un tercer com a conseq\u00fc\u00e8ncia de l\u2019utilitzaci\u00f3 indebida dels Serveis; la realitzaci\u00f3 d\u2019actes de compet\u00e8ncia deslleial i publicitat il\u00edcita com a conseq\u00fc\u00e8ncia de l\u2019utilitzaci\u00f3 dels Serveis; la inadeq\u00fcaci\u00f3 per a qualsevol tipus de propossit de i la defraudaci\u00f3 de les expectatives generades pels Serveis; l\u2019incompliment, retras en l\u2019incompliment, compliment defectu\u00f3s o terminaci\u00f3 per qualsevol causa de les obligacions contretes per tercers i contractes realitzats amb tercers a trav\u00e8s de o amb motiu de l\u2019acc\u00e8s als Serveis.<\/p>\n<p><span style=\"color: #000000;\"><strong>Responsabilitat sobre Seguretat<\/strong><\/span><\/p>\n<p>FINQUES JAUME TRAVE, S.L..\u00a0no es fa responsable dels possibles errors de seguretat que es poguessin produir pel fet d\u2019utilitzar versions de navegadors no actualitzats, o de les conseq\u00fc\u00e8ncies que es pogu\u00e8ssin derivar del mal funcionament del navegador, ja sigui per configuraci\u00f3 inadequada, pres\u00e8ncia de virus inform\u00e0tics o qualsevol altre causa aliena a FINQUES JAUME TRAVE, S.L..<\/p>\n<p><span style=\"color: #000000;\"><strong>Utilitzaci\u00f3 del Portal i els Serveis pels Usuaris<\/strong><\/span><\/p>\n<p>Tret que hagi obtingut pr\u00e8via i expressa autoritzaci\u00f3 espec\u00edficament atorgada a aquest efecte per part de l\u2019empresa, l\u2019usuari s\u2019abstendr\u00e0 d\u2019obtenir o intentar obtenir qualsevol tipus de continguts, ja siguin textes, gr\u00e0fics, dibuixos, arxius de so, imatges o fotograf\u00edes, v\u00eddeos, software i en general qualsevol tipus de material accessible a trav\u00e9s del Portal o dels serveis, utilitzant per l\u2019acte mitjans diferents dels que s\u2019hagin posat a disposici\u00f3 a aquest efecte o dels que s\u2019emprin habitualment a aquest efecte a Internet.<\/p>\n<p><span style=\"color: #000000;\"><strong>Aix\u00ed doncs:<\/strong><\/span><\/p>\n<p>&#8211; FINQUES JAUME TRAVE, S.L.\u00a0rebutja la responsabilitat que esdevingui de la mala utilitzaci\u00f3 dels continguts i es reserva el dret a actualitzar-los quan vulgui, a eliminar-los, limitar-los o impedir l\u2019acc\u00e8s a ells, de manera temporal o definitiva.<br \/>\n&#8211; FINQUES JAUME TRAVE, S.L.\u00a0rebutja la responsabilitat sobre qualsevol informaci\u00f3 no continguda en aquestes p\u00e0gines web i, per tant, no elaborades per FINQUES JAUME TRAVE, S.L.\u00a0o no publicada amb el seu nom.<br \/>\n&#8211; FINQUES JAUME TRAVE, S.L.\u00a0no es responsabilitza de les possibles difer\u00e8ncies que puguin sorgir entre la versi\u00f3 dels seus documents impresos i la versi\u00f3 electr\u00f3nica dels mateixos publicats a la seva web.<br \/>\n&#8211; FINQUES JAUME TRAVE, S.L.\u00a0no es responsabilitza de l\u2019\u00fas que els menors facin de la web. FINQUES JAUME TRAVE, S.L.\u00a0no \u00e9s responsable que els continguts de la web puguin ferir la sensibilitat dels menors. \u00c9s responsabilitat dels pares assegurar-se de l\u2019\u00fas correcte d\u2019una eina com Internet i acompanyar als menors en les seves sessions.<br \/>\n&#8211; L\u2019Usuari no pot utilitzar el Servei per fins il\u00edcits o contradictoris amb les presents Condicions.<br \/>\n&#8211; L\u2019Usuari accepta utilitzar el Servei segons la seva finalitat promocional, sense finalitats lucratives addicionals i no per reventa, transfer\u00e8ncia o disposici\u00f3 per l\u2019\u00fas o benefici de qualsevol altre persona o entitat. Aix\u00ed mateix, l\u2019Usuari accepta no utilitzar, tranferir, distribuir o dispondre de l\u2019informaci\u00f3 inclosa al Servei de manera que pugui competir de manera deslleial amb el Site, i reconeix que les eines associades i en el seu cas al Servei ha desenvolupat, compilat, preparat, revisat, seleccionat i conformat pel Site.<br \/>\n&#8211; L\u2019Usuari accepta protegir els drets del Site durant i encara despr\u00e9s de la vig\u00e8ncia del seu concret acord i complir amb totes les peticions escrites raonables formulades pel Site o els seus proveedors sobre el contingut, per protegir els seus drets jur\u00eddics legals o contractuals. Aix\u00ed mateix, accepta informar al Portal, per escrit i de manera oportuna, si observa un \u00fas no autoritzat del Servei per tercers o violacions de drets d\u2019autor, marques registrades i altres drets que el Servei pogu\u00e8s estar infringint o viceversa.<br \/>\n&#8211; L\u2019Usuari assumeix que no pot copiar, reproduir, recompilar, descompilar, desmontar, realitzar activitats d\u2019ingenyeria inversa, distribuir, publicar, mostrar, executar, modificar, bolcar, realitzar feines derivades, transmetre o explotar parts del Servei, exceptuant el bolcat del material del Servei i\/o fer una c\u00f2pia per \u00fas personal no lucratiu, i sempre i quan reconegui tots els drets inclosos als drets d\u2019autor. Per tant, la modificaci\u00f3 del contingut del Servei per un Usuari representa una violaci\u00f3 als leg\u00edtims drets del Site. A m\u00e9s a m\u00e9s, un Usuari no pot distribuir cap part del Servei a trav\u00e9s d\u2019un altre mitj\u00e0, incloent entre d\u2019altres la televisi\u00f3 o la radio, una xarxa d\u2019ordinadors o una marca associada, ni l\u2019informaci\u00f3 del Site, en correspond\u00e8ncia amb finalitats de promoci\u00f3.<br \/>\n&#8211; L\u2019Usuari assumeix que no adquereix drets o llic\u00e8ncia en relaci\u00f3 amb el Servei ni els elements en el mateix, excepte el dret limitat a utilitzar el Servei d\u2019acord amb les Condicions, i la resta de condicions espec\u00edfiques i de comunicacions concretes d\u2019aplicaci\u00f3.<br \/>\n&#8211; Quedan especialment prohibides, les conductes no expressament admesses, i en general:<br \/>\n&#8211; La presentaci\u00f3 d\u2019una p\u00e0gina del Site en un marc d\u2019una altra p\u00e0gina web que no pertanyi al Site, mitjan\u00e7ant la t\u00e8cnica anomenada \u201cframing\u201d , a no ser que compti amb l\u2019expr\u00e8s consentiment per escrit del Site.<br \/>\n&#8211; L\u2019inserci\u00f3 d\u2019una imatge difossa al Site en una p\u00e0gina o base de dades, que no pertany al Site, mitjan\u00e7ant la t\u00e8cnica anomenada \u201cin line linking\u201d si all\u00f3 no compta amb l\u2019expressa autoritzaci\u00f3 del Site.<br \/>\n&#8211; L\u2019establiment de links d\u2019hipertext (hipervincles) en un altre website dirigits al homepage d\u2019aquest Site o qualsevol altre p\u00e0gina interna d\u2019aquest.<\/p>\n<p>Tots els drets presents i futurs relacionats amb l\u2019informaci\u00f3 confidencial sobre secrets de fabricaci\u00f3, patents, drets d\u2019autor, marques registrades, informaci\u00f3 especialitzada i altres drets de propietats emparats per les lleis i convenis internacionals, incloent els drets de totes les aplicacions i registres relacionats amb el Servei presents i futurs corresponents al Servei (incloent el dret d\u2019explotar el servei i qualsevol part del mateix de tecnolog\u00edes presents i futures) es reserven per l\u2019 \u00fas exclussiu del Site, no podent l\u2019Usuari utilitzar-los per cap finalitat, sense la pr\u00e8via autoritzaci\u00f3 per escrit del Site.<\/p>\n<p><span style=\"color: #000000;\"><strong>Protecci\u00f3 de Dades<\/strong><\/span><\/p>\n<p>Mitjan\u00e7ant el present Av\u00eds Legal i d\u2019acord amb l\u2019establert a la Llei Org\u00e0nica 15\/1999, de Protecci\u00f3 de Dades de Car\u00e0cter Personal, l\u2019empresa avisa als usuaris de la seva pol\u00edtica de protecci\u00f3 de dades, perque aquests determinin lliure i volunt\u00e0riament si desitgen facilitar les dades personals que se\u2019ls pugui demanar amb ocasi\u00f3 de la subscripici\u00f3 o alta en alguns dels serveis oferts. Nom\u00e9s en els espais en que s\u2019expressi el contrari, les respostes a les preguntes sobre dades personals s\u00f3n volunt\u00e0ries. Les dades personals recollides ser\u00e0n tractades de manera secreta i confidencial i la seva recollida t\u00e9 com a finalitat la gesti\u00f3 i prestaci\u00f3 dels serveis oferits per l\u2019empresa al Portal en cada moment. L\u2019usuari accepta que les dades personals facilitades puguin ser objecte de tractament en fitxers automatitzats titularitat i responsabilitat de l\u2019empresa. L\u2019usuari pot exercir els seus drets d\u2019acc\u00e9s, rectificaci\u00f3, cancel-laci\u00f3 i oposici\u00f3 a : C\/ Banys n\u00ba 132 local A\u00a0de La Garriga a la prov\u00edncia de Barcelona.<\/p>\n<p><span style=\"color: #000000;\"><strong>Llei de Consumidors<\/strong><\/span><\/p>\n<p>La informaci\u00f3 de cada promoci\u00f3 amb productes per a la seva comercialitzaci\u00f3, \u00e9s orientativa i de car\u00e0cter general, estant subjecta a possibles canvis. Tota l\u2019informaci\u00f3 relativa al R.D.515\/89 del 21 d\u2019Abril, est\u00e0 a disposici\u00f3 dels compradors a les oficines de l\u2019empresa.<\/p>\n<p><span style=\"color: #000000;\"><strong>Llei Aplicable i Fur<\/strong><\/span><\/p>\n<p>Aquestes Condicions Generals s\u00f3n regents per la llei espanyola. Per a qualsevol controv\u00e8rsia que pogu\u00e9s derivar de l\u2019aplicaci\u00f3 dels serveis o interpretaci\u00f3 o aplicaci\u00f3 de les Condicions Generals, l\u2019Empresa i l\u2019usuari, amb ren\u00fancia expressa al fur propi es sotmeteixen al dels Jutjats i Tribunals de Granollers (Barcelona).<\/p>\n<\/div>\n","protected":false},"excerpt":{"rendered":"<p>Av\u00eds Legal i Dades de l\u2019Empresa D\u2019acord amb l\u2019establert a la Llei 34\/2002, d\u201911 de Juliol, de serveis de la societat de l\u2019informaci\u00f3 i de.<\/p>\n","protected":false},"author":2,"featured_media":0,"parent":0,"menu_order":0,"comment_status":"closed","ping_status":"open","template":"","meta":{"footnotes":""},"_links":{"self":[{"href":"https:\/\/jaumetrave.com\/web\/wp-json\/wp\/v2\/pages\/638"}],"collection":[{"href":"https:\/\/jaumetrave.com\/web\/wp-json\/wp\/v2\/pages"}],"about":[{"href":"https:\/\/jaumetrave.com\/web\/wp-json\/wp\/v2\/types\/page"}],"author":[{"embeddable":true,"href":"https:\/\/jaumetrave.com\/web\/wp-json\/wp\/v2\/users\/2"}],"replies":[{"embeddable":true,"href":"https:\/\/jaumetrave.com\/web\/wp-json\/wp\/v2\/comments?post=638"}],"version-history":[{"count":10,"href":"https:\/\/jaumetrave.com\/web\/wp-json\/wp\/v2\/pages\/638\/revisions"}],"predecessor-version":[{"id":648,"href":"https:\/\/jaumetrave.com\/web\/wp-json\/wp\/v2\/pages\/638\/revisions\/648"}],"wp:attachment":[{"href":"https:\/\/jaumetrave.com\/web\/wp-json\/wp\/v2\/media?parent=638"}],"curies":[{"name":"wp","href":"https:\/\/api.w.org\/{rel}","templated":true}]}}