{"id":546,"date":"2013-06-26T19:43:17","date_gmt":"2013-06-26T19:43:17","guid":{"rendered":"http:\/\/wp.contempographicdesign.com\/wp_real_estate_5\/?page_id=546"},"modified":"2025-11-08T18:09:17","modified_gmt":"2025-11-08T18:09:17","slug":"contact","status":"publish","type":"page","link":"https:\/\/jaumetrave.com\/web\/contact\/","title":{"rendered":"Contactar"},"content":{"rendered":"<p><a href=\"https:\/\/maps.app.goo.gl\/HjbCn7RoLvnsQ4rg6\" target=\"_blank\" rel=\"noopener\"><img loading=\"lazy\" decoding=\"async\" class=\"aligncenter wp-image-17913 size-large\" title=\"Contactar Finques Jaume Trave\" src=\"https:\/\/jaumetrave.com\/web\/wp-content\/uploads\/2025\/11\/Screenshot_3-1024x322.jpg\" alt=\"\" width=\"940\" height=\"296\" srcset=\"https:\/\/jaumetrave.com\/web\/wp-content\/uploads\/2025\/11\/Screenshot_3-1024x322.jpg 1024w, https:\/\/jaumetrave.com\/web\/wp-content\/uploads\/2025\/11\/Screenshot_3-300x94.jpg 300w, https:\/\/jaumetrave.com\/web\/wp-content\/uploads\/2025\/11\/Screenshot_3-768x241.jpg 768w, https:\/\/jaumetrave.com\/web\/wp-content\/uploads\/2025\/11\/Screenshot_3-1536x482.jpg 1536w, https:\/\/jaumetrave.com\/web\/wp-content\/uploads\/2025\/11\/Screenshot_3.jpg 1895w\" sizes=\"(max-width: 940px) 100vw, 940px\" \/><\/a><\/p>\n<p><strong>FINQUES JAUME TRAVE, S.L.<\/strong><br \/>\nC\/ Banys n\u00ba 132 local A<br \/>\n<strong>Gesti\u00f3 de finques<br \/>\n<\/strong><br \/>\n<strong>Tel\u00e8fon i Fax: 938714754<\/strong><br \/>\n<strong>M\u00f2bil: 610259834<\/strong><\/p>\n<p><a href=\"mailto:in**@********ve.com\" data-original-string=\"lGJ+oDAC940VzK4gMAfZww==a18wgIirf6FOD3L4LybFMo08VhVurl88tzWHcD5HYy2Fh4=\" title=\"Este contacto ha sido codificado por Anti-Spam by CleanTalk. Haz clic para decodificar. Para finalizar la decodificaci\u00f3n, aseg\u00farate de que JavaScript est\u00e1 activado en tu navegador.\"><span \n                data-original-string='kKs84hEgzzq+5goWtIC6CQ==a18LD6GPokFMlmi6ShPywfPprk9+iMdijgzo0p6\/PlAUqI='\n                class='apbct-email-encoder'\n                title='Este contacto ha sido codificado por Anti-Spam by CleanTalk. Haz clic para decodificar. Para finalizar la decodificaci\u00f3n, aseg\u00farate de que JavaScript est\u00e1 activado en tu navegador.'>in<span class=\"apbct-blur\">**<\/span>@<span class=\"apbct-blur\">********<\/span>ve.com<\/span><\/a><\/p>\n<p>Si desitja contactar amb nosaltres ompli el seg\u00fcent formulari i ens posarem en contacte amb vost\u00e8 el m\u00e9s aviat possible:<\/p>\n<div role=\"form\" class=\"wpcf7\" id=\"wpcf7-f1703-o1\" lang=\"es-ES\" dir=\"ltr\">\n<div class=\"screen-reader-response\"><\/div>\n<form action=\"\/web\/wp-json\/wp\/v2\/pages\/546#wpcf7-f1703-o1\" method=\"post\" class=\"wpcf7-form\" novalidate=\"novalidate\">\n<div style=\"display: none;\">\n<input type=\"hidden\" name=\"_wpcf7\" value=\"1703\" \/>\n<input type=\"hidden\" name=\"_wpcf7_version\" value=\"5.0.4\" \/>\n<input type=\"hidden\" name=\"_wpcf7_locale\" value=\"es_ES\" \/>\n<input type=\"hidden\" name=\"_wpcf7_unit_tag\" value=\"wpcf7-f1703-o1\" \/>\n<input type=\"hidden\" name=\"_wpcf7_container_post\" value=\"0\" \/>\n<\/div>\n<p>Nom* (requerit)<br \/>\n    <span class=\"wpcf7-form-control-wrap your-name\"><input type=\"text\" name=\"your-name\" value=\"\" size=\"40\" class=\"wpcf7-form-control wpcf7-text\" aria-invalid=\"false\" \/><\/span> <\/p>\n<p>E-mail* (requerit)<br \/>\n    <span class=\"wpcf7-form-control-wrap your-email\"><input type=\"email\" name=\"your-email\" value=\"\" size=\"40\" class=\"wpcf7-form-control wpcf7-text wpcf7-email wpcf7-validates-as-email\" aria-invalid=\"false\" \/><\/span> <\/p>\n<p>Tel\u00e8fon* (requerit)<br \/>\n    <span class=\"wpcf7-form-control-wrap your-subject\"><input type=\"text\" name=\"your-subject\" value=\"\" size=\"40\" class=\"wpcf7-form-control wpcf7-text\" aria-invalid=\"false\" \/><\/span> <\/p>\n<p>Comentaris:<br \/>\n    <span class=\"wpcf7-form-control-wrap your-message\"><textarea name=\"your-message\" cols=\"40\" rows=\"10\" class=\"wpcf7-form-control wpcf7-textarea\" aria-invalid=\"false\"><\/textarea><\/span> <\/p>\n<p><input type=\"submit\" value=\"Enviar\" class=\"wpcf7-form-control wpcf7-submit\" \/><\/p>\n<input type=\"hidden\" id=\"ct_checkjs_cf7_e8c0653fea13f91bf3c48159f7c24f78\" name=\"ct_checkjs_cf7\" value=\"0\" \/><script >setTimeout(function(){var ct_input_name = \"ct_checkjs_cf7_e8c0653fea13f91bf3c48159f7c24f78\";if (document.getElementById(ct_input_name) !== null) {var ct_input_value = document.getElementById(ct_input_name).value;document.getElementById(ct_input_name).value = document.getElementById(ct_input_name).value.replace(ct_input_value, '1055919668');}}, 1000);<\/script><input\n                    class=\"apbct_special_field apbct_email_id__wp_contact_form_7\"\n                    name=\"apbct__email_id__wp_contact_form_7\"\n                    aria-label=\"apbct__label_id__wp_contact_form_7\"\n                    type=\"text\" size=\"30\" maxlength=\"200\" autocomplete=\"off\"\n                    value=\"\"\n                \/><div class=\"wpcf7-response-output wpcf7-display-none\"><\/div><\/form><\/div>\n","protected":false},"excerpt":{"rendered":"<p>FINQUES JAUME TRAVE, S.L. C\/ Banys n\u00ba 132 local A Gesti\u00f3 de finques Tel\u00e8fon i Fax: 938714754 M\u00f2bil: 610259834 in**@********ve.com Si desitja contactar amb nosaltres.<\/p>\n","protected":false},"author":2,"featured_media":17913,"parent":0,"menu_order":0,"comment_status":"closed","ping_status":"open","template":"","meta":{"footnotes":""},"_links":{"self":[{"href":"https:\/\/jaumetrave.com\/web\/wp-json\/wp\/v2\/pages\/546"}],"collection":[{"href":"https:\/\/jaumetrave.com\/web\/wp-json\/wp\/v2\/pages"}],"about":[{"href":"https:\/\/jaumetrave.com\/web\/wp-json\/wp\/v2\/types\/page"}],"author":[{"embeddable":true,"href":"https:\/\/jaumetrave.com\/web\/wp-json\/wp\/v2\/users\/2"}],"replies":[{"embeddable":true,"href":"https:\/\/jaumetrave.com\/web\/wp-json\/wp\/v2\/comments?post=546"}],"version-history":[{"count":8,"href":"https:\/\/jaumetrave.com\/web\/wp-json\/wp\/v2\/pages\/546\/revisions"}],"predecessor-version":[{"id":17923,"href":"https:\/\/jaumetrave.com\/web\/wp-json\/wp\/v2\/pages\/546\/revisions\/17923"}],"wp:featuredmedia":[{"embeddable":true,"href":"https:\/\/jaumetrave.com\/web\/wp-json\/wp\/v2\/media\/17913"}],"wp:attachment":[{"href":"https:\/\/jaumetrave.com\/web\/wp-json\/wp\/v2\/media?parent=546"}],"curies":[{"name":"wp","href":"https:\/\/api.w.org\/{rel}","templated":true}]}}